{"id":1251,"date":"2023-08-29T14:28:32","date_gmt":"2023-08-29T12:28:32","guid":{"rendered":"https:\/\/allroundmaster.de\/?page_id=1251"},"modified":"2024-05-29T09:03:54","modified_gmt":"2024-05-29T07:03:54","slug":"heisswassergeraet","status":"publish","type":"page","link":"https:\/\/allroundmaster.de\/en\/heisswassergeraet\/","title":{"rendered":"Hot water machine"},"content":{"rendered":"<div data-elementor-type=\"wp-page\" data-elementor-id=\"1251\" class=\"elementor elementor-1251\" data-elementor-post-type=\"page\">\n\t\t\t\t\t\t\t\t\t<section class=\"elementor-section elementor-top-section elementor-element elementor-element-ec60749 elementor-section-height-min-height elementor-hidden-mobile elementor-section-boxed elementor-section-height-default elementor-section-items-middle\" data-id=\"ec60749\" data-element_type=\"section\" data-settings=\"{&quot;background_background&quot;:&quot;classic&quot;}\">\n\t\t\t\t\t\t\t<div class=\"elementor-background-overlay\"><\/div>\n\t\t\t\t\t\t\t<div class=\"elementor-container elementor-column-gap-default\">\n\t\t\t\t\t<div class=\"elementor-column elementor-col-100 elementor-top-column elementor-element elementor-element-36f75a6\" data-id=\"36f75a6\" data-element_type=\"column\">\n\t\t\t<div class=\"elementor-widget-wrap\">\n\t\t\t\t\t\t\t\t\t<\/div>\n\t\t<\/div>\n\t\t\t\t\t\t\t<\/div>\n\t\t<\/section>\n\t\t\t\t<section class=\"elementor-section elementor-top-section elementor-element elementor-element-f93c8ac elementor-section-boxed elementor-section-height-default elementor-section-height-default\" data-id=\"f93c8ac\" data-element_type=\"section\">\n\t\t\t\t\t\t<div class=\"elementor-container elementor-column-gap-default\">\n\t\t\t\t\t<div class=\"elementor-column elementor-col-50 elementor-top-column elementor-element elementor-element-b6e61cb animated-fast elementor-invisible\" data-id=\"b6e61cb\" data-element_type=\"column\" data-settings=\"{&quot;animation&quot;:&quot;fadeInLeft&quot;}\">\n\t\t\t<div class=\"elementor-widget-wrap elementor-element-populated\">\n\t\t\t\t\t\t\t\t<div class=\"elementor-element elementor-element-9a5fe3a elementor-widget elementor-widget-exad-image-carousel\" data-id=\"9a5fe3a\" data-element_type=\"widget\" data-widget_type=\"exad-image-carousel.default\">\n\t\t\t\t<div class=\"elementor-widget-container\">\n\t\t\t            <div class=\"exad-image-carousel-wrapper exad-image-carousel-dots-image-bottom\">\n                <div class=\"exad-image-carousel-prev\">\n                    <i aria-hidden=\"true\" class=\"fas fa-chevron-left\"><\/i>                <\/div>\n                <div class=\"exad-image-carousel-slider exad-image-carousel-dots-image-center exad-image-carousel-dot-image\" data-slides_to_scroll=\"1\" data-slides_to_show=\"1\" data-slides_to_show_tablet=\"1\" data-slides_to_show_mobile=\"1\" data-carousel_nav=\"both\" data-oriantation=\"horizontal\" data-dot_type=\"image\" >\n                                            <div class=\"exad-image-carousel-item\" data-image=\"https:\/\/allroundmaster.de\/wp-content\/uploads\/2023\/08\/23.06.2023-5-von-20-1-1024x683.jpg\">\n                           <img decoding=\"async\" src=\"https:\/\/allroundmaster.de\/wp-content\/uploads\/2023\/08\/23.06.2023-5-von-20-1-1024x683.jpg\" alt=\"23.06.2023 (5 von 20)\">\n                        <\/div>\n                                            <div class=\"exad-image-carousel-item\" data-image=\"https:\/\/allroundmaster.de\/wp-content\/uploads\/2023\/08\/23.06.2023-4-von-20-1024x683.jpg\">\n                           <img decoding=\"async\" src=\"https:\/\/allroundmaster.de\/wp-content\/uploads\/2023\/08\/23.06.2023-4-von-20-1024x683.jpg\" alt=\"23.06.2023 (4 von 20)\">\n                        <\/div>\n                                            <div class=\"exad-image-carousel-item\" data-image=\"https:\/\/allroundmaster.de\/wp-content\/uploads\/2023\/08\/23.06.2023-20-von-20-1024x683.jpg\">\n                           <img decoding=\"async\" src=\"https:\/\/allroundmaster.de\/wp-content\/uploads\/2023\/08\/23.06.2023-20-von-20-1024x683.jpg\" alt=\"23.06.2023 (20 von 20)\">\n                        <\/div>\n                                            <div class=\"exad-image-carousel-item\" data-image=\"https:\/\/allroundmaster.de\/wp-content\/uploads\/2023\/08\/23.06.2023-18-von-20-1024x683.jpg\">\n                           <img decoding=\"async\" src=\"https:\/\/allroundmaster.de\/wp-content\/uploads\/2023\/08\/23.06.2023-18-von-20-1024x683.jpg\" alt=\"23.06.2023 (18 von 20)\">\n                        <\/div>\n                                            <div class=\"exad-image-carousel-item\" data-image=\"https:\/\/allroundmaster.de\/wp-content\/uploads\/2023\/08\/23.06.2023-10-von-20-1024x683.jpg\">\n                           <img decoding=\"async\" src=\"https:\/\/allroundmaster.de\/wp-content\/uploads\/2023\/08\/23.06.2023-10-von-20-1024x683.jpg\" alt=\"23.06.2023 (10 von 20)\">\n                        <\/div>\n                                            <div class=\"exad-image-carousel-item\" data-image=\"https:\/\/allroundmaster.de\/wp-content\/uploads\/2023\/08\/23.06.2023-11-von-20-1024x683.jpg\">\n                           <img decoding=\"async\" src=\"https:\/\/allroundmaster.de\/wp-content\/uploads\/2023\/08\/23.06.2023-11-von-20-1024x683.jpg\" alt=\"23.06.2023 (11 von 20)\">\n                        <\/div>\n                                            <div class=\"exad-image-carousel-item\" data-image=\"https:\/\/allroundmaster.de\/wp-content\/uploads\/2023\/08\/23.06.2023-12-von-20-1024x683.jpg\">\n                           <img decoding=\"async\" src=\"https:\/\/allroundmaster.de\/wp-content\/uploads\/2023\/08\/23.06.2023-12-von-20-1024x683.jpg\" alt=\"23.06.2023 (12 von 20)\">\n                        <\/div>\n                                            <div class=\"exad-image-carousel-item\" data-image=\"https:\/\/allroundmaster.de\/wp-content\/uploads\/2023\/08\/23.06.2023-13-von-20-1024x683.jpg\">\n                           <img decoding=\"async\" src=\"https:\/\/allroundmaster.de\/wp-content\/uploads\/2023\/08\/23.06.2023-13-von-20-1024x683.jpg\" alt=\"23.06.2023 (13 von 20)\">\n                        <\/div>\n                                            <div class=\"exad-image-carousel-item\" data-image=\"https:\/\/allroundmaster.de\/wp-content\/uploads\/2023\/08\/23.06.2023-8-von-20-1024x683.jpg\">\n                           <img decoding=\"async\" src=\"https:\/\/allroundmaster.de\/wp-content\/uploads\/2023\/08\/23.06.2023-8-von-20-1024x683.jpg\" alt=\"23.06.2023 (8 von 20)\">\n                        <\/div>\n                                    <\/div>\n                <div class=\"exad-image-carousel-next\">\n                    <i aria-hidden=\"true\" class=\"fas fa-chevron-right\"><\/i>                <\/div>\n            <\/div>\n        \t\t<\/div>\n\t\t\t\t<\/div>\n\t\t\t\t\t<\/div>\n\t\t<\/div>\n\t\t\t\t<div class=\"elementor-column elementor-col-50 elementor-top-column elementor-element elementor-element-26c5ed3 elementor-invisible\" data-id=\"26c5ed3\" data-element_type=\"column\" data-settings=\"{&quot;animation&quot;:&quot;fadeInRight&quot;}\">\n\t\t\t<div class=\"elementor-widget-wrap elementor-element-populated\">\n\t\t\t\t\t\t\t\t<div class=\"elementor-element elementor-element-e562148 elementor-widget elementor-widget-heading\" data-id=\"e562148\" data-element_type=\"widget\" data-widget_type=\"heading.default\">\n\t\t\t\t<div class=\"elementor-widget-container\">\n\t\t\t<style>\/*! elementor - v3.17.0 - 25-10-2023 *\/\n.elementor-heading-title{padding:0;margin:0;line-height:1}.elementor-widget-heading .elementor-heading-title[class*=elementor-size-]>a{color:inherit;font-size:inherit;line-height:inherit}.elementor-widget-heading .elementor-heading-title.elementor-size-small{font-size:15px}.elementor-widget-heading .elementor-heading-title.elementor-size-medium{font-size:19px}.elementor-widget-heading .elementor-heading-title.elementor-size-large{font-size:29px}.elementor-widget-heading .elementor-heading-title.elementor-size-xl{font-size:39px}.elementor-widget-heading .elementor-heading-title.elementor-size-xxl{font-size:59px}<\/style><h2 class=\"elementor-heading-title elementor-size-default\">WEEDING MACHINE<\/h2>\t\t<\/div>\n\t\t\t\t<\/div>\n\t\t\t\t<div class=\"elementor-element elementor-element-cb36906 elementor-widget elementor-widget-text-editor\" data-id=\"cb36906\" data-element_type=\"widget\" data-widget_type=\"text-editor.default\">\n\t\t\t\t<div class=\"elementor-widget-container\">\n\t\t\t<style>\/*! elementor - v3.17.0 - 25-10-2023 *\/\n.elementor-widget-text-editor.elementor-drop-cap-view-stacked .elementor-drop-cap{background-color:#69727d;color:#fff}.elementor-widget-text-editor.elementor-drop-cap-view-framed .elementor-drop-cap{color:#69727d;border:3px solid;background-color:transparent}.elementor-widget-text-editor:not(.elementor-drop-cap-view-default) .elementor-drop-cap{margin-top:8px}.elementor-widget-text-editor:not(.elementor-drop-cap-view-default) .elementor-drop-cap-letter{width:1em;height:1em}.elementor-widget-text-editor .elementor-drop-cap{float:left;text-align:center;line-height:1;font-size:50px}.elementor-widget-text-editor .elementor-drop-cap-letter{display:inline-block}<\/style>\t\t\t\t<p>The innovative technology from Allroundmaster and the proven K\u00e4rcher MC250 are the perfect combination when it comes to weed removal using hot water.\u00a0<\/p>\t\t\t\t\t\t<\/div>\n\t\t\t\t<\/div>\n\t\t\t\t<div class=\"elementor-element elementor-element-dc6f945 elementor-widget elementor-widget-elb-advancedbutton-widget\" data-id=\"dc6f945\" data-element_type=\"widget\" data-settings=\"{&quot;btn_full_width&quot;:&quot;yes&quot;,&quot;btn_txt_color_hv_color_one&quot;:&quot;#FFFFFF&quot;,&quot;btn_icon_color_color_one&quot;:&quot;#FFFFFF&quot;,&quot;btn_icon_color_hv_color_one&quot;:&quot;#FFFFFF&quot;,&quot;btn_txt_color_gradient_enabled&quot;:&quot;no&quot;,&quot;btn_txt_color_color_one&quot;:&quot;#fff&quot;,&quot;btn_txt_color_hv_gradient_enabled&quot;:&quot;no&quot;,&quot;btn_icon_color_hv_gradient_enabled&quot;:&quot;no&quot;}\" data-widget_type=\"elb-advancedbutton-widget.default\">\n\t\t\t\t<div class=\"elementor-widget-container\">\n\t\t\t<div class=\"elb-btn-ctn\"   data-hover=\"fade\" data-layout=\"withicon\" data-text-align=\"center\" data-icon-pos=\"left\"  data-btn-align=\"left\"  data-fullwidth=\"yes\" ><div class=\"elb-btn-insider elb-tr-3\"><div class=\"elb-btn-txt elb-btn-txt-r elb-btn-el-r elb-tr-3\"><div class=\"elb-btn-ic elb-btn-ic-r elb-btn-el-r\"><svg  width=\"25\" height=\"25\" viewbox=\"0 0 11 32\"  fill=\"#FFFFFF\" style=\"color:#FFFFFF;\" ><path d=\"M11.429 24.286v2.286q0 0.464-0.339 0.804t-0.804 0.339h-9.143q-0.464 0-0.804-0.339t-0.339-0.804v-2.286q0-0.464 0.339-0.804t0.804-0.339h1.143v-6.857h-1.143q-0.464 0-0.804-0.339t-0.339-0.804v-2.286q0-0.464 0.339-0.804t0.804-0.339h6.857q0.464 0 0.804 0.339t0.339 0.804v10.286h1.143q0.464 0 0.804 0.339t0.339 0.804zM9.143 3.714v3.429q0 0.464-0.339 0.804t-0.804 0.339h-4.571q-0.464 0-0.804-0.339t-0.339-0.804v-3.429q0-0.464 0.339-0.804t0.804-0.339h4.571q0.464 0 0.804 0.339t0.339 0.804z\"><\/path><\/svg><\/div><span>Produktinformationen<\/span><\/div><div class=\"elb-btn-bg elb-btn-bg-r elb-btn-el-r elb-tr-3\"><\/div><div class=\"elb-btn-txt elb-btn-txt-h elb-btn-el-h elb-tr-3\"><div class=\"elb-btn-ic elb-btn-ic-h elb-btn-el-h\"><svg  width=\"25\" height=\"25\" viewbox=\"0 0 11 32\"  fill=\"#FFFFFF\" style=\"color:#FFFFFF;\" ><path d=\"M11.429 24.286v2.286q0 0.464-0.339 0.804t-0.804 0.339h-9.143q-0.464 0-0.804-0.339t-0.339-0.804v-2.286q0-0.464 0.339-0.804t0.804-0.339h1.143v-6.857h-1.143q-0.464 0-0.804-0.339t-0.339-0.804v-2.286q0-0.464 0.339-0.804t0.804-0.339h6.857q0.464 0 0.804 0.339t0.339 0.804v10.286h1.143q0.464 0 0.804 0.339t0.339 0.804zM9.143 3.714v3.429q0 0.464-0.339 0.804t-0.804 0.339h-4.571q-0.464 0-0.804-0.339t-0.339-0.804v-3.429q0-0.464 0.339-0.804t0.804-0.339h4.571q0.464 0 0.804 0.339t0.339 0.804z\"><\/path><\/svg><\/div><span>Produktinformationen<\/span><\/div><div class=\"elb-btn-bg elb-btn-bg-h elb-btn-el-h elb-tr-3\"><\/div><a href=\"#info\" ><\/a><\/div><\/div>\t\t<\/div>\n\t\t\t\t<\/div>\n\t\t\t\t<div class=\"elementor-element elementor-element-e938b0c elementor-align-center elementor-widget elementor-widget-button\" data-id=\"e938b0c\" data-element_type=\"widget\" data-widget_type=\"button.default\">\n\t\t\t\t<div class=\"elementor-widget-container\">\n\t\t\t\t\t<div class=\"elementor-button-wrapper\">\n\t\t\t<a class=\"elementor-button elementor-button-link elementor-size-md elementor-animation-shrink\" href=\"https:\/\/allroundmaster.de\/en\/kontakt\/\">\n\t\t\t\t\t\t<span class=\"elementor-button-content-wrapper\">\n\t\t\t\t\t\t<span class=\"elementor-button-text\">Request now<\/span>\n\t\t<\/span>\n\t\t\t\t\t<\/a>\n\t\t<\/div>\n\t\t\t\t<\/div>\n\t\t\t\t<\/div>\n\t\t\t\t\t<\/div>\n\t\t<\/div>\n\t\t\t\t\t\t\t<\/div>\n\t\t<\/section>\n\t\t\t\t<section class=\"elementor-section elementor-top-section elementor-element elementor-element-9dae0dd elementor-section-boxed elementor-section-height-default elementor-section-height-default\" data-id=\"9dae0dd\" data-element_type=\"section\">\n\t\t\t\t\t\t<div class=\"elementor-container elementor-column-gap-default\">\n\t\t\t\t\t<div class=\"elementor-column elementor-col-100 elementor-top-column elementor-element elementor-element-72f087a\" data-id=\"72f087a\" data-element_type=\"column\" data-settings=\"{&quot;background_background&quot;:&quot;classic&quot;}\">\n\t\t\t<div class=\"elementor-widget-wrap elementor-element-populated\">\n\t\t\t\t\t\t\t\t<div class=\"elementor-element elementor-element-13feb28 elementor-widget elementor-widget-menu-anchor\" data-id=\"13feb28\" data-element_type=\"widget\" data-widget_type=\"menu-anchor.default\">\n\t\t\t\t<div class=\"elementor-widget-container\">\n\t\t\t<style>\/*! elementor - v3.17.0 - 25-10-2023 *\/\nbody.elementor-page .elementor-widget-menu-anchor{margin-bottom:0}<\/style>\t\t<div id=\"info\" class=\"elementor-menu-anchor\"><\/div>\n\t\t\t\t<\/div>\n\t\t\t\t<\/div>\n\t\t\t\t<div class=\"elementor-element elementor-element-87a359d elementor-widget elementor-widget-jkit_tabs\" data-id=\"87a359d\" data-element_type=\"widget\" data-widget_type=\"jkit_tabs.default\">\n\t\t\t\t<div class=\"elementor-widget-container\">\n\t\t\t<div  class=\"jeg-elementor-kit jkit-tabs layout-horizontal jeg_module___69e5b086a9a95\" ><div class=\"tab-navigation\"><ul class=\"tab-nav-list\" data-toggle=\"0\"><li class=\"tab-nav active\" data-tab=\"tab-809bebd\"><span class=\"tab-title\">Product description<\/span><div class=\"tab-content\"><div class=\"tab-description\"><\/div><\/div><\/li><li class=\"tab-nav\" data-tab=\"tab-0a46b81\"><span class=\"tab-title\">Technical data<\/span><div class=\"tab-content\"><div class=\"tab-description\"><\/div><\/div><\/li><li class=\"tab-nav\" data-tab=\"tab-03e2196\"><span class=\"tab-title\">Control elements<\/span><div class=\"tab-content\"><div class=\"tab-description\"><\/div><\/div><\/li><\/ul><\/div><div class=\"tab-content-list\"><div class=\"tab-content tab-809bebd active\"><p>Discover a revolution in weed control - our innovative hot water tool. <br \/>With a generous tank capacity of 1900 liters, our unit offers an impressive operating time of up to 3 hours before requiring a simple refueling. <br \/>No more unnecessary interruptions, just continuous, effective weed control that saves you time and effort.<br \/>But that's not all - our hot water unit is also a proven weapon against the oak processionary moth. <br \/>The hardness of the hot water precisely targets these pests and creates a pesticide-free solution for your tree protection programme.<\/p><\/div><div class=\"tab-content tab-0a46b81\"><p>Working width on the water spray bar: 1,200 mm<br \/>This strip can be switched in 3 sections of 400 mm each.<br \/>In addition, this can be brought to a working width of 1,400 mm by means of a side shower on the left or right.<\/p><p>Gross vehicle weight: 6.000 KG<br \/>Capacity: 1,900 l<br \/>Water outlet temperature: up to 99\u00b0 C<br \/>Operating time until refuelling: 3 hours<\/p><\/div><div class=\"tab-content tab-03e2196\"><p><img loading=\"lazy\" decoding=\"async\" class=\"alignnone size-large wp-image-1281\" src=\"https:\/\/allroundmaster.de\/wp-content\/uploads\/2023\/08\/WhatsApp-Image-2023-08-30-at-08.29.44-1024x768.jpeg\" alt=\"\" width=\"800\" height=\"600\" srcset=\"https:\/\/allroundmaster.de\/wp-content\/uploads\/2023\/08\/WhatsApp-Image-2023-08-30-at-08.29.44-1024x768.jpeg 1024w, https:\/\/allroundmaster.de\/wp-content\/uploads\/2023\/08\/WhatsApp-Image-2023-08-30-at-08.29.44-300x225.jpeg 300w, https:\/\/allroundmaster.de\/wp-content\/uploads\/2023\/08\/WhatsApp-Image-2023-08-30-at-08.29.44-768x576.jpeg 768w, https:\/\/allroundmaster.de\/wp-content\/uploads\/2023\/08\/WhatsApp-Image-2023-08-30-at-08.29.44-1536x1152.jpeg 1536w, https:\/\/allroundmaster.de\/wp-content\/uploads\/2023\/08\/WhatsApp-Image-2023-08-30-at-08.29.44.jpeg 1600w\" sizes=\"auto, (max-width: 800px) 100vw, 800px\" \/> <img loading=\"lazy\" decoding=\"async\" class=\"alignnone size-large wp-image-1282\" src=\"https:\/\/allroundmaster.de\/wp-content\/uploads\/2023\/08\/14794edf-a79d-4354-a6b3-cc54765dd51e-1024x576.jpg\" alt=\"\" width=\"800\" height=\"450\" srcset=\"https:\/\/allroundmaster.de\/wp-content\/uploads\/2023\/08\/14794edf-a79d-4354-a6b3-cc54765dd51e-1024x576.jpg 1024w, https:\/\/allroundmaster.de\/wp-content\/uploads\/2023\/08\/14794edf-a79d-4354-a6b3-cc54765dd51e-300x169.jpg 300w, https:\/\/allroundmaster.de\/wp-content\/uploads\/2023\/08\/14794edf-a79d-4354-a6b3-cc54765dd51e-768x432.jpg 768w, https:\/\/allroundmaster.de\/wp-content\/uploads\/2023\/08\/14794edf-a79d-4354-a6b3-cc54765dd51e-1536x864.jpg 1536w, https:\/\/allroundmaster.de\/wp-content\/uploads\/2023\/08\/14794edf-a79d-4354-a6b3-cc54765dd51e.jpg 1600w\" sizes=\"auto, (max-width: 800px) 100vw, 800px\" \/> <img loading=\"lazy\" decoding=\"async\" class=\"alignnone size-large wp-image-1283\" src=\"https:\/\/allroundmaster.de\/wp-content\/uploads\/2023\/08\/7d1c1a75-94da-472b-87af-8b19504cc4e1-1024x576.jpg\" alt=\"\" width=\"800\" height=\"450\" srcset=\"https:\/\/allroundmaster.de\/wp-content\/uploads\/2023\/08\/7d1c1a75-94da-472b-87af-8b19504cc4e1-1024x576.jpg 1024w, https:\/\/allroundmaster.de\/wp-content\/uploads\/2023\/08\/7d1c1a75-94da-472b-87af-8b19504cc4e1-300x169.jpg 300w, https:\/\/allroundmaster.de\/wp-content\/uploads\/2023\/08\/7d1c1a75-94da-472b-87af-8b19504cc4e1-768x432.jpg 768w, https:\/\/allroundmaster.de\/wp-content\/uploads\/2023\/08\/7d1c1a75-94da-472b-87af-8b19504cc4e1-1536x864.jpg 1536w, https:\/\/allroundmaster.de\/wp-content\/uploads\/2023\/08\/7d1c1a75-94da-472b-87af-8b19504cc4e1.jpg 1600w\" sizes=\"auto, (max-width: 800px) 100vw, 800px\" \/><\/p><\/div><\/div><\/div>\t\t<\/div>\n\t\t\t\t<\/div>\n\t\t\t\t<div class=\"elementor-element elementor-element-a9e0875 elementor-align-center elementor-widget elementor-widget-button\" data-id=\"a9e0875\" data-element_type=\"widget\" data-widget_type=\"button.default\">\n\t\t\t\t<div class=\"elementor-widget-container\">\n\t\t\t\t\t<div class=\"elementor-button-wrapper\">\n\t\t\t<a class=\"elementor-button elementor-button-link elementor-size-md elementor-animation-shrink\" href=\"https:\/\/allroundmaster.de\/en\/kontakt\/\">\n\t\t\t\t\t\t<span class=\"elementor-button-content-wrapper\">\n\t\t\t\t\t\t<span class=\"elementor-button-text\">Request now<\/span>\n\t\t<\/span>\n\t\t\t\t\t<\/a>\n\t\t<\/div>\n\t\t\t\t<\/div>\n\t\t\t\t<\/div>\n\t\t\t\t\t<\/div>\n\t\t<\/div>\n\t\t\t\t\t\t\t<\/div>\n\t\t<\/section>\n\t\t\t\t\t\t\t<\/div>","protected":false},"excerpt":{"rendered":"<p>HEISSWASSERGER\u00c4T Die innovative Technik von Allroundmaster und die bew\u00e4hrte K\u00e4rcher MC250 sind die perfekte Kombination, wenn es um Unkrautentfernung durch Hei\u00dfwasser geht.\u00a0 ProduktinformationenProduktinformationen Jetzt anfragen Beschreibung Technische Daten Bedienelemente Entdecken Sie eine Revolution in der Unkrautbek\u00e4mpfung \u2013 unser innovatives Hei\u00dfwasserger\u00e4t. Mit einem gro\u00dfz\u00fcgigen Tankvolumen von 1900 Litern bietet unser Ger\u00e4t eine beeindruckende Betriebszeit von bis [&hellip;]<\/p>","protected":false},"author":1,"featured_media":0,"parent":0,"menu_order":0,"comment_status":"closed","ping_status":"closed","template":"","meta":{"footnotes":""},"class_list":["post-1251","page","type-page","status-publish","hentry"],"_links":{"self":[{"href":"https:\/\/allroundmaster.de\/en\/wp-json\/wp\/v2\/pages\/1251","targetHints":{"allow":["GET"]}}],"collection":[{"href":"https:\/\/allroundmaster.de\/en\/wp-json\/wp\/v2\/pages"}],"about":[{"href":"https:\/\/allroundmaster.de\/en\/wp-json\/wp\/v2\/types\/page"}],"author":[{"embeddable":true,"href":"https:\/\/allroundmaster.de\/en\/wp-json\/wp\/v2\/users\/1"}],"replies":[{"embeddable":true,"href":"https:\/\/allroundmaster.de\/en\/wp-json\/wp\/v2\/comments?post=1251"}],"version-history":[{"count":25,"href":"https:\/\/allroundmaster.de\/en\/wp-json\/wp\/v2\/pages\/1251\/revisions"}],"predecessor-version":[{"id":1489,"href":"https:\/\/allroundmaster.de\/en\/wp-json\/wp\/v2\/pages\/1251\/revisions\/1489"}],"wp:attachment":[{"href":"https:\/\/allroundmaster.de\/en\/wp-json\/wp\/v2\/media?parent=1251"}],"curies":[{"name":"wp","href":"https:\/\/api.w.org\/{rel}","templated":true}]}}