{"id":849,"date":"2023-02-06T13:43:48","date_gmt":"2023-02-06T12:43:48","guid":{"rendered":"https:\/\/allroundmaster.de\/?page_id=849"},"modified":"2024-05-29T09:04:32","modified_gmt":"2024-05-29T07:04:32","slug":"mietmaschinen","status":"publish","type":"page","link":"https:\/\/allroundmaster.de\/en\/mietmaschinen\/","title":{"rendered":"Rental machines"},"content":{"rendered":"<div data-elementor-type=\"wp-page\" data-elementor-id=\"849\" class=\"elementor elementor-849\" data-elementor-post-type=\"page\">\n\t\t\t\t\t\t\t\t\t<section class=\"elementor-section elementor-top-section elementor-element elementor-element-ec60749 elementor-section-height-min-height elementor-hidden-mobile elementor-section-boxed elementor-section-height-default elementor-section-items-middle\" data-id=\"ec60749\" data-element_type=\"section\" data-settings=\"{&quot;background_background&quot;:&quot;classic&quot;}\">\n\t\t\t\t\t\t\t<div class=\"elementor-background-overlay\"><\/div>\n\t\t\t\t\t\t\t<div class=\"elementor-container elementor-column-gap-default\">\n\t\t\t\t\t<div class=\"elementor-column elementor-col-100 elementor-top-column elementor-element elementor-element-36f75a6\" data-id=\"36f75a6\" data-element_type=\"column\">\n\t\t\t<div class=\"elementor-widget-wrap\">\n\t\t\t\t\t\t\t\t\t<\/div>\n\t\t<\/div>\n\t\t\t\t\t\t\t<\/div>\n\t\t<\/section>\n\t\t\t\t<section class=\"elementor-section elementor-top-section elementor-element elementor-element-88d5861 elementor-section-boxed elementor-section-height-default elementor-section-height-default\" data-id=\"88d5861\" data-element_type=\"section\">\n\t\t\t\t\t\t<div class=\"elementor-container elementor-column-gap-default\">\n\t\t\t\t\t<div class=\"elementor-column elementor-col-50 elementor-top-column elementor-element elementor-element-59b2372 animated-slow elementor-invisible\" data-id=\"59b2372\" data-element_type=\"column\" data-settings=\"{&quot;animation&quot;:&quot;fadeInLeft&quot;,&quot;animation_delay&quot;:300}\">\n\t\t\t<div class=\"elementor-widget-wrap elementor-element-populated\">\n\t\t\t\t\t\t\t\t<div class=\"elementor-element elementor-element-5104630 animated-slow elementor-widget elementor-widget-jkit_heading\" data-id=\"5104630\" data-element_type=\"widget\" data-settings=\"{&quot;_animation&quot;:&quot;none&quot;}\" data-widget_type=\"jkit_heading.default\">\n\t\t\t\t<div class=\"elementor-widget-container\">\n\t\t\t<div  class=\"jeg-elementor-kit jkit-heading  align-left align-tablet- align-mobile- jeg_module___69e5b0630c62f\" ><h4 class=\"heading-section-subtitle border-enable style-color\">Services<\/h4><div class=\"heading-section-title  display-inline-block\"><h2 class=\"heading-title\">Rental machines <\/h2><\/div><div class=\"heading-section-description\"><p>Allroundmaster is your trusted provider of high quality gully cleaning solutions. We offer a wide range of equipment to help you complete your cleaning tasks easily and at any time.<\/p><p>For larger projects or temporary needs, we also offer a selection of rental machines. With Allroundmaster you always have the right machine for your needs.<\/p><p>Trust our expertise and experience to provide you with the best possible solution for your gully cleaning needs. Contact us today to find out more.<\/p><\/div><\/div>\t\t<\/div>\n\t\t\t\t<\/div>\n\t\t\t\t<div class=\"elementor-element elementor-element-a9a3f90 elementor-align-left elementor-widget elementor-widget-button\" data-id=\"a9a3f90\" data-element_type=\"widget\" data-widget_type=\"button.default\">\n\t\t\t\t<div class=\"elementor-widget-container\">\n\t\t\t\t\t<div class=\"elementor-button-wrapper\">\n\t\t\t<a class=\"elementor-button elementor-button-link elementor-size-md elementor-animation-shrink\" href=\"https:\/\/allroundmaster.de\/en\/kontakt\/\">\n\t\t\t\t\t\t<span class=\"elementor-button-content-wrapper\">\n\t\t\t\t\t\t<span class=\"elementor-button-text\">Request now<\/span>\n\t\t<\/span>\n\t\t\t\t\t<\/a>\n\t\t<\/div>\n\t\t\t\t<\/div>\n\t\t\t\t<\/div>\n\t\t\t\t\t<\/div>\n\t\t<\/div>\n\t\t\t\t<div class=\"elementor-column elementor-col-50 elementor-top-column elementor-element elementor-element-3da7e3d animated-slow elementor-invisible\" data-id=\"3da7e3d\" data-element_type=\"column\" data-settings=\"{&quot;animation&quot;:&quot;fadeInRight&quot;,&quot;animation_delay&quot;:500}\">\n\t\t\t<div class=\"elementor-widget-wrap elementor-element-populated\">\n\t\t\t\t\t\t\t\t<div class=\"elementor-element elementor-element-603712e elementor-widget elementor-widget-image\" data-id=\"603712e\" data-element_type=\"widget\" data-widget_type=\"image.default\">\n\t\t\t\t<div class=\"elementor-widget-container\">\n\t\t\t<style>\/*! elementor - v3.17.0 - 25-10-2023 *\/\n.elementor-widget-image{text-align:center}.elementor-widget-image a{display:inline-block}.elementor-widget-image a img[src$=\".svg\"]{width:48px}.elementor-widget-image img{vertical-align:middle;display:inline-block}<\/style>\t\t\t\t\t\t\t\t\t\t\t\t<img loading=\"lazy\" decoding=\"async\" width=\"800\" height=\"534\" src=\"https:\/\/allroundmaster.de\/wp-content\/uploads\/2022\/12\/AlleMaschinenFront.jpg\" class=\"attachment-large size-large wp-image-123\" alt=\"\" srcset=\"https:\/\/allroundmaster.de\/wp-content\/uploads\/2022\/12\/AlleMaschinenFront.jpg 1024w, https:\/\/allroundmaster.de\/wp-content\/uploads\/2022\/12\/AlleMaschinenFront-300x200.jpg 300w, https:\/\/allroundmaster.de\/wp-content\/uploads\/2022\/12\/AlleMaschinenFront-768x512.jpg 768w\" sizes=\"auto, (max-width: 800px) 100vw, 800px\" \/>\t\t\t\t\t\t\t\t\t\t\t\t\t\t\t<\/div>\n\t\t\t\t<\/div>\n\t\t\t\t<div class=\"elementor-element elementor-element-a4706b7 elementor-widget elementor-widget-image\" data-id=\"a4706b7\" data-element_type=\"widget\" data-widget_type=\"image.default\">\n\t\t\t\t<div class=\"elementor-widget-container\">\n\t\t\t\t\t\t\t\t\t\t\t\t\t\t\t<img loading=\"lazy\" decoding=\"async\" width=\"800\" height=\"534\" src=\"https:\/\/allroundmaster.de\/wp-content\/uploads\/2023\/08\/23.06.2023-5-von-20-1-1024x683.jpg\" class=\"attachment-large size-large wp-image-1266\" alt=\"\" srcset=\"https:\/\/allroundmaster.de\/wp-content\/uploads\/2023\/08\/23.06.2023-5-von-20-1-1024x683.jpg 1024w, https:\/\/allroundmaster.de\/wp-content\/uploads\/2023\/08\/23.06.2023-5-von-20-1-300x200.jpg 300w, https:\/\/allroundmaster.de\/wp-content\/uploads\/2023\/08\/23.06.2023-5-von-20-1-768x512.jpg 768w, https:\/\/allroundmaster.de\/wp-content\/uploads\/2023\/08\/23.06.2023-5-von-20-1-1536x1024.jpg 1536w, https:\/\/allroundmaster.de\/wp-content\/uploads\/2023\/08\/23.06.2023-5-von-20-1.jpg 1920w\" sizes=\"auto, (max-width: 800px) 100vw, 800px\" \/>\t\t\t\t\t\t\t\t\t\t\t\t\t\t\t<\/div>\n\t\t\t\t<\/div>\n\t\t\t\t\t<\/div>\n\t\t<\/div>\n\t\t\t\t\t\t\t<\/div>\n\t\t<\/section>\n\t\t\t\t\t\t\t<\/div>","protected":false},"excerpt":{"rendered":"<p>Dienstleistungen Mietmaschinen Allroundmaster ist Ihr zuverl\u00e4ssiger Anbieter f\u00fcr hochwertige L\u00f6sungen zur Sinkkastenreinigung. Wir bieten eine breite Palette an Ger\u00e4ten zum Verkauf, damit Sie Ihre Reinigungsaufgaben jederzeit und einfach erledigen k\u00f6nnen. F\u00fcr gr\u00f6\u00dfere Projekte oder tempor\u00e4re Bed\u00fcrfnisse bieten wir auch eine Auswahl an Mietmaschinen an. Mit Allroundmaster haben Sie immer die richtige Maschine f\u00fcr Ihre Bed\u00fcrfnisse. [&hellip;]<\/p>","protected":false},"author":1,"featured_media":0,"parent":0,"menu_order":0,"comment_status":"closed","ping_status":"closed","template":"","meta":{"footnotes":""},"class_list":["post-849","page","type-page","status-publish","hentry"],"_links":{"self":[{"href":"https:\/\/allroundmaster.de\/en\/wp-json\/wp\/v2\/pages\/849","targetHints":{"allow":["GET"]}}],"collection":[{"href":"https:\/\/allroundmaster.de\/en\/wp-json\/wp\/v2\/pages"}],"about":[{"href":"https:\/\/allroundmaster.de\/en\/wp-json\/wp\/v2\/types\/page"}],"author":[{"embeddable":true,"href":"https:\/\/allroundmaster.de\/en\/wp-json\/wp\/v2\/users\/1"}],"replies":[{"embeddable":true,"href":"https:\/\/allroundmaster.de\/en\/wp-json\/wp\/v2\/comments?post=849"}],"version-history":[{"count":22,"href":"https:\/\/allroundmaster.de\/en\/wp-json\/wp\/v2\/pages\/849\/revisions"}],"predecessor-version":[{"id":1495,"href":"https:\/\/allroundmaster.de\/en\/wp-json\/wp\/v2\/pages\/849\/revisions\/1495"}],"wp:attachment":[{"href":"https:\/\/allroundmaster.de\/en\/wp-json\/wp\/v2\/media?parent=849"}],"curies":[{"name":"wp","href":"https:\/\/api.w.org\/{rel}","templated":true}]}}