{"id":900,"date":"2023-02-06T15:10:14","date_gmt":"2023-02-06T14:10:14","guid":{"rendered":"https:\/\/allroundmaster.de\/?page_id=900"},"modified":"2024-11-20T14:26:17","modified_gmt":"2024-11-20T13:26:17","slug":"impressum","status":"publish","type":"page","link":"https:\/\/allroundmaster.de\/en\/impressum\/","title":{"rendered":"Imprint"},"content":{"rendered":"<div data-elementor-type=\"wp-page\" data-elementor-id=\"900\" class=\"elementor elementor-900\" data-elementor-post-type=\"page\">\n\t\t\t\t\t\t\t\t\t<section class=\"elementor-section elementor-top-section elementor-element elementor-element-de8d0ab elementor-section-height-min-height elementor-hidden-mobile elementor-section-boxed elementor-section-height-default elementor-section-items-middle\" data-id=\"de8d0ab\" data-element_type=\"section\" data-settings=\"{&quot;background_background&quot;:&quot;classic&quot;}\">\n\t\t\t\t\t\t\t<div class=\"elementor-background-overlay\"><\/div>\n\t\t\t\t\t\t\t<div class=\"elementor-container elementor-column-gap-default\">\n\t\t\t\t\t<div class=\"elementor-column elementor-col-100 elementor-top-column elementor-element elementor-element-e4416f3\" data-id=\"e4416f3\" data-element_type=\"column\">\n\t\t\t<div class=\"elementor-widget-wrap\">\n\t\t\t\t\t\t\t\t\t<\/div>\n\t\t<\/div>\n\t\t\t\t\t\t\t<\/div>\n\t\t<\/section>\n\t\t\t\t<section class=\"elementor-section elementor-top-section elementor-element elementor-element-ba4a68b elementor-section-boxed elementor-section-height-default elementor-section-height-default\" data-id=\"ba4a68b\" data-element_type=\"section\">\n\t\t\t\t\t\t<div class=\"elementor-container elementor-column-gap-default\">\n\t\t\t\t\t<div class=\"elementor-column elementor-col-100 elementor-top-column elementor-element elementor-element-2dfefef\" data-id=\"2dfefef\" data-element_type=\"column\">\n\t\t\t<div class=\"elementor-widget-wrap elementor-element-populated\">\n\t\t\t\t\t\t\t\t<div class=\"elementor-element elementor-element-f64fe87 elementor-widget elementor-widget-html\" data-id=\"f64fe87\" data-element_type=\"widget\" data-widget_type=\"html.default\">\n\t\t\t\t<div class=\"elementor-widget-container\">\n\t\t\t<h1>Imprint<\/h1>\r\n\r\n<h2>Information according to \u00a7 5 TMG<\/h2>\r\n<p>Allroundmaster GmbH<br \/>\r\nCarl-Benz-Str. 5<br \/>\r\n26683 Saterland-Sedelsberg<\/p>\r\n\r\n<p>Commercial register: HRB 210377<br \/>\r\nRegister Court: Oldenburg Local Court<\/p>\r\n\r\n<p><strong>Vertreten durch:<\/strong><br \/>\r\nGerold Hinrichs<\/p>\r\n\r\n<h2>Contact<\/h2>\r\n<p>Telefon: +49 4492 \/ 915 19 90<br \/>\r\nTelefax: +49 44 92 \/ 91 39 39<br \/>\r\nE-Mail: info@allroundmaster.de<\/p>\r\n\r\n<h2>VAT ID<\/h2>\r\n<p>Sales tax identification number pursuant to \u00a7 27 a of the German Sales Tax Act:<br \/>\r\nDE302421084<\/p>\r\n\r\n<h2>EU dispute resolution<\/h2>\r\n<p>The European Commission provides a platform for online dispute resolution (ODR): <a href=\"https:\/\/ec.europa.eu\/consumers\/odr\/\" target=\"_blank\" rel=\"noopener noreferrer\">https:\/\/ec.europa.eu\/consumers\/odr\/<\/a>.<br \/> You can find our e-mail address in the imprint above.<\/p>\r\n\r\n<h2>Consumer Dispute Resolution\/Universal Arbitration Board<\/h2>\r\n<p>We participate in a dispute resolution procedure before a consumer arbitration board. The universal arbitration board of the Zentrum f\u00fcr Schlichtung e.V., Stra\u00dfburger Stra\u00dfe 8, 77694 Kehl am Rhein (<a href=\"https:\/\/www.verbraucher-schlichter.de\" rel=\"noopener noreferrer\" target=\"_blank\">https:\/\/www.verbraucher-schlichter.de<\/a>).<\/p>\r\n\r\n<p>Source: <a href=\"https:\/\/www.e-recht24.de\">e-recht24.de<\/a><\/p>\t\t<\/div>\n\t\t\t\t<\/div>\n\t\t\t\t\t<\/div>\n\t\t<\/div>\n\t\t\t\t\t\t\t<\/div>\n\t\t<\/section>\n\t\t\t\t\t\t\t<\/div>","protected":false},"excerpt":{"rendered":"<p>Impressum Angaben gem&auml;&szlig; &sect; 5 TMG Allroundmaster GmbH Carl-Benz-Str. 5 26683 Saterland-Sedelsberg Handelsregister: HRB 210377 Registergericht: Amtsgericht Oldenburg Vertreten durch: Gerold Hinrichs Kontakt Telefon: +49 4492 \/ 915 19 90 Telefax: +49 44 92 \/ 91 39 39 E-Mail: info@allroundmaster.de Umsatzsteuer-ID Umsatzsteuer-Identifikationsnummer gem&auml;&szlig; &sect; 27 a Umsatzsteuergesetz: DE302421084 EU-Streitschlichtung Die Europ&auml;ische Kommission stellt eine Plattform [&hellip;]<\/p>","protected":false},"author":1,"featured_media":0,"parent":0,"menu_order":0,"comment_status":"closed","ping_status":"closed","template":"","meta":{"footnotes":""},"class_list":["post-900","page","type-page","status-publish","hentry"],"_links":{"self":[{"href":"https:\/\/allroundmaster.de\/en\/wp-json\/wp\/v2\/pages\/900","targetHints":{"allow":["GET"]}}],"collection":[{"href":"https:\/\/allroundmaster.de\/en\/wp-json\/wp\/v2\/pages"}],"about":[{"href":"https:\/\/allroundmaster.de\/en\/wp-json\/wp\/v2\/types\/page"}],"author":[{"embeddable":true,"href":"https:\/\/allroundmaster.de\/en\/wp-json\/wp\/v2\/users\/1"}],"replies":[{"embeddable":true,"href":"https:\/\/allroundmaster.de\/en\/wp-json\/wp\/v2\/comments?post=900"}],"version-history":[{"count":16,"href":"https:\/\/allroundmaster.de\/en\/wp-json\/wp\/v2\/pages\/900\/revisions"}],"predecessor-version":[{"id":1510,"href":"https:\/\/allroundmaster.de\/en\/wp-json\/wp\/v2\/pages\/900\/revisions\/1510"}],"wp:attachment":[{"href":"https:\/\/allroundmaster.de\/en\/wp-json\/wp\/v2\/media?parent=900"}],"curies":[{"name":"wp","href":"https:\/\/api.w.org\/{rel}","templated":true}]}}